{"id":17441,"date":"2024-09-11T18:50:45","date_gmt":"2024-09-11T07:50:45","guid":{"rendered":"https:\/\/wecover.ca\/custom-made\/"},"modified":"2024-12-05T02:18:04","modified_gmt":"2024-12-04T15:18:04","slug":"custom-made","status":"publish","type":"page","link":"https:\/\/wecover.ca\/en\/custom-made\/","title":{"rendered":"Custom made"},"content":{"rendered":"\t\t<div data-elementor-type=\"wp-page\" data-elementor-id=\"17441\" class=\"elementor elementor-17441 elementor-17383\">\n\t\t\t\t<div class=\"wd-negative-gap elementor-element elementor-element-4a18d47 e-flex e-con-boxed e-con e-parent\" data-id=\"4a18d47\" data-element_type=\"container\" data-e-type=\"container\">\n\t\t\t\t\t<div class=\"e-con-inner\">\n\t\t\t\t<div class=\"elementor-element elementor-element-77be97b wd-width-100 elementor-widget elementor-widget-wd_images_gallery\" data-id=\"77be97b\" data-element_type=\"widget\" data-e-type=\"widget\" data-widget_type=\"wd_images_gallery.default\">\n\t\t\t\t<div class=\"elementor-widget-container\">\n\t\t\t\t\t\t\t<div class=\"wd-images-gallery photoswipe-images\" style=\"--wd-align-items:center; --wd-justify-content:center;\">\n\t\t\t\t\t\t<div class=\"wd-masonry wd-grid-f-col\" style=\"--wd-col-lg:3;--wd-col-md:3;--wd-col-sm:1;--wd-gap-lg:10px;--wd-gap-sm:10px;\" >\n\t\t\t\t\t\t\t\t\t\t\t\t\t\t\t\t\t\t<div class=\"wd-gallery-item wd-col\">\n\t\t\t\t\t\t\t\t\t\t\t\t\t<a  href=\"https:\/\/wecover.ca\/wp-content\/uploads\/2024\/09\/20240716_200320-scaled.jpg\" data-width=\"2560\" data-height=\"1920\" data-index=\"1\" data-elementor-open-lightbox=\"no\">\n\t\t\t\t\t\t\n\t\t\t\t\t\t<img decoding=\"async\" width=\"2560\" height=\"1920\" src=\"https:\/\/wecover.ca\/wp-content\/uploads\/2024\/09\/20240716_200320-scaled.jpg\" class=\"attachment-full size-full\" alt=\"Toile sur mesure pour roulotte de camping\" srcset=\"https:\/\/wecover.ca\/wp-content\/uploads\/2024\/09\/20240716_200320-scaled.jpg 2560w, https:\/\/wecover.ca\/wp-content\/uploads\/2024\/09\/20240716_200320-400x300.jpg 400w\" sizes=\"(max-width: 2560px) 100vw, 2560px\" \/>\n\t\t\t\t\t\t\t\t\t\t\t\t\t<\/a>\n\t\t\t\t\t\t\t\t\t\t\t<\/div>\n\t\t\t\t\t\t\t\t\t\t\t\t\t\t\t<div class=\"wd-gallery-item wd-col\">\n\t\t\t\t\t\t\t\t\t\t\t\t\t<a  href=\"https:\/\/wecover.ca\/wp-content\/uploads\/2024\/09\/toile-rapide-02.jpg\" data-width=\"640\" data-height=\"640\" data-index=\"2\" data-elementor-open-lightbox=\"no\">\n\t\t\t\t\t\t\n\t\t\t\t\t\t<img decoding=\"async\" width=\"640\" height=\"640\" src=\"https:\/\/wecover.ca\/wp-content\/uploads\/2024\/09\/toile-rapide-02.jpg\" class=\"attachment-full size-full\" alt=\"Toile sur mesure pour bateau\" srcset=\"https:\/\/wecover.ca\/wp-content\/uploads\/2024\/09\/toile-rapide-02.jpg 640w, https:\/\/wecover.ca\/wp-content\/uploads\/2024\/09\/toile-rapide-02-300x300.jpg 300w, https:\/\/wecover.ca\/wp-content\/uploads\/2024\/09\/toile-rapide-02-150x150.jpg 150w, https:\/\/wecover.ca\/wp-content\/uploads\/2024\/09\/toile-rapide-02-12x12.jpg 12w, https:\/\/wecover.ca\/wp-content\/uploads\/2024\/09\/toile-rapide-02-430x430.jpg 430w\" sizes=\"(max-width: 640px) 100vw, 640px\" \/>\n\t\t\t\t\t\t\t\t\t\t\t\t\t<\/a>\n\t\t\t\t\t\t\t\t\t\t\t<\/div>\n\t\t\t\t\t\t\t\t\t\t\t\t\t\t\t<div class=\"wd-gallery-item wd-col\">\n\t\t\t\t\t\t\t\t\t\t\t\t\t<a  href=\"https:\/\/wecover.ca\/wp-content\/uploads\/2024\/09\/SSPX0230.jpg\" data-width=\"1600\" data-height=\"1200\" data-index=\"3\" data-elementor-open-lightbox=\"no\">\n\t\t\t\t\t\t\n\t\t\t\t\t\t<img decoding=\"async\" width=\"1600\" height=\"1200\" src=\"https:\/\/wecover.ca\/wp-content\/uploads\/2024\/09\/SSPX0230.jpg\" class=\"attachment-full size-full\" alt=\"Toile sur mesure pour support \u00e0 v\u00e9los\" srcset=\"https:\/\/wecover.ca\/wp-content\/uploads\/2024\/09\/SSPX0230.jpg 1600w, https:\/\/wecover.ca\/wp-content\/uploads\/2024\/09\/SSPX0230-400x300.jpg 400w, https:\/\/wecover.ca\/wp-content\/uploads\/2024\/09\/SSPX0230-1067x800.jpg 1067w, https:\/\/wecover.ca\/wp-content\/uploads\/2024\/09\/SSPX0230-768x576.jpg 768w, https:\/\/wecover.ca\/wp-content\/uploads\/2024\/09\/SSPX0230-1536x1152.jpg 1536w, https:\/\/wecover.ca\/wp-content\/uploads\/2024\/09\/SSPX0230-16x12.jpg 16w, https:\/\/wecover.ca\/wp-content\/uploads\/2024\/09\/SSPX0230-430x323.jpg 430w, https:\/\/wecover.ca\/wp-content\/uploads\/2024\/09\/SSPX0230-700x525.jpg 700w, https:\/\/wecover.ca\/wp-content\/uploads\/2024\/09\/SSPX0230-150x113.jpg 150w\" sizes=\"(max-width: 1600px) 100vw, 1600px\" \/>\n\t\t\t\t\t\t\t\t\t\t\t\t\t<\/a>\n\t\t\t\t\t\t\t\t\t\t\t<\/div>\n\t\t\t\t\t\t\t\t\t\t\t\t\t\t\t<div class=\"wd-gallery-item wd-col\">\n\t\t\t\t\t\t\t\t\t\t\t\t\t<a  href=\"https:\/\/wecover.ca\/wp-content\/uploads\/2024\/09\/KUBOTA-DEC-2019-7.jpg\" data-width=\"642\" data-height=\"480\" data-index=\"4\" data-elementor-open-lightbox=\"no\">\n\t\t\t\t\t\t\n\t\t\t\t\t\t<img decoding=\"async\" width=\"642\" height=\"480\" src=\"https:\/\/wecover.ca\/wp-content\/uploads\/2024\/09\/KUBOTA-DEC-2019-7.jpg\" class=\"attachment-full size-full\" alt=\"Toile sur mesure pour cabine de d\u00e9neigeuse\" srcset=\"https:\/\/wecover.ca\/wp-content\/uploads\/2024\/09\/KUBOTA-DEC-2019-7.jpg 642w, https:\/\/wecover.ca\/wp-content\/uploads\/2024\/09\/KUBOTA-DEC-2019-7-400x300.jpg 400w, https:\/\/wecover.ca\/wp-content\/uploads\/2024\/09\/KUBOTA-DEC-2019-7-16x12.jpg 16w, https:\/\/wecover.ca\/wp-content\/uploads\/2024\/09\/KUBOTA-DEC-2019-7-430x321.jpg 430w, https:\/\/wecover.ca\/wp-content\/uploads\/2024\/09\/KUBOTA-DEC-2019-7-150x112.jpg 150w\" sizes=\"(max-width: 642px) 100vw, 642px\" \/>\n\t\t\t\t\t\t\t\t\t\t\t\t\t<\/a>\n\t\t\t\t\t\t\t\t\t\t\t<\/div>\n\t\t\t\t\t\t\t\t\t\t\t\t\t\t\t<div class=\"wd-gallery-item wd-col\">\n\t\t\t\t\t\t\t\t\t\t\t\t\t<a  href=\"https:\/\/wecover.ca\/wp-content\/uploads\/2024\/09\/craft.jpg\" data-width=\"640\" data-height=\"490\" data-index=\"5\" data-elementor-open-lightbox=\"no\">\n\t\t\t\t\t\t\n\t\t\t\t\t\t<img decoding=\"async\" width=\"640\" height=\"490\" src=\"https:\/\/wecover.ca\/wp-content\/uploads\/2024\/09\/craft.jpg\" class=\"attachment-full size-full\" alt=\"Toile sur mesure pour bateau\" srcset=\"https:\/\/wecover.ca\/wp-content\/uploads\/2024\/09\/craft.jpg 640w, https:\/\/wecover.ca\/wp-content\/uploads\/2024\/09\/craft-392x300.jpg 392w, https:\/\/wecover.ca\/wp-content\/uploads\/2024\/09\/craft-16x12.jpg 16w, https:\/\/wecover.ca\/wp-content\/uploads\/2024\/09\/craft-430x329.jpg 430w, https:\/\/wecover.ca\/wp-content\/uploads\/2024\/09\/craft-150x115.jpg 150w\" sizes=\"(max-width: 640px) 100vw, 640px\" \/>\n\t\t\t\t\t\t\t\t\t\t\t\t\t<\/a>\n\t\t\t\t\t\t\t\t\t\t\t<\/div>\n\t\t\t\t\t\t\t\t\t\t\t\t\t\t\t<div class=\"wd-gallery-item wd-col\">\n\t\t\t\t\t\t\t\t\t\t\t\t\t<a  href=\"https:\/\/wecover.ca\/wp-content\/uploads\/2024\/09\/cote-a-cote-01.jpg\" data-width=\"640\" data-height=\"490\" data-index=\"6\" data-elementor-open-lightbox=\"no\">\n\t\t\t\t\t\t\n\t\t\t\t\t\t<img decoding=\"async\" width=\"640\" height=\"490\" src=\"https:\/\/wecover.ca\/wp-content\/uploads\/2024\/09\/cote-a-cote-01.jpg\" class=\"attachment-full size-full\" alt=\"Toile sur mesure pour v\u00e9hicule c\u00f4te-\u00e0-cote\" srcset=\"https:\/\/wecover.ca\/wp-content\/uploads\/2024\/09\/cote-a-cote-01.jpg 640w, https:\/\/wecover.ca\/wp-content\/uploads\/2024\/09\/cote-a-cote-01-392x300.jpg 392w, https:\/\/wecover.ca\/wp-content\/uploads\/2024\/09\/cote-a-cote-01-16x12.jpg 16w, https:\/\/wecover.ca\/wp-content\/uploads\/2024\/09\/cote-a-cote-01-430x329.jpg 430w, https:\/\/wecover.ca\/wp-content\/uploads\/2024\/09\/cote-a-cote-01-150x115.jpg 150w\" sizes=\"(max-width: 640px) 100vw, 640px\" \/>\n\t\t\t\t\t\t\t\t\t\t\t\t\t<\/a>\n\t\t\t\t\t\t\t\t\t\t\t<\/div>\n\t\t\t\t\t\t\t\t\t\t\t\t\t\t\t<div class=\"wd-gallery-item wd-col\">\n\t\t\t\t\t\t\t\t\t\t\t\t\t<a  href=\"https:\/\/wecover.ca\/wp-content\/uploads\/2024\/09\/0004.jpg\" data-width=\"640\" data-height=\"480\" data-index=\"7\" data-elementor-open-lightbox=\"no\">\n\t\t\t\t\t\t\n\t\t\t\t\t\t<img decoding=\"async\" width=\"640\" height=\"480\" src=\"https:\/\/wecover.ca\/wp-content\/uploads\/2024\/09\/0004.jpg\" class=\"attachment-full size-full\" alt=\"Toile sur mesure pour bateau\" srcset=\"https:\/\/wecover.ca\/wp-content\/uploads\/2024\/09\/0004.jpg 640w, https:\/\/wecover.ca\/wp-content\/uploads\/2024\/09\/0004-400x300.jpg 400w, https:\/\/wecover.ca\/wp-content\/uploads\/2024\/09\/0004-16x12.jpg 16w, https:\/\/wecover.ca\/wp-content\/uploads\/2024\/09\/0004-430x323.jpg 430w, https:\/\/wecover.ca\/wp-content\/uploads\/2024\/09\/0004-150x113.jpg 150w\" sizes=\"(max-width: 640px) 100vw, 640px\" \/>\n\t\t\t\t\t\t\t\t\t\t\t\t\t<\/a>\n\t\t\t\t\t\t\t\t\t\t\t<\/div>\n\t\t\t\t\t\t\t\t\t\t\t\t\t\t\t<div class=\"wd-gallery-item wd-col\">\n\t\t\t\t\t\t\t\t\t\t\t\t\t<a  href=\"https:\/\/wecover.ca\/wp-content\/uploads\/2024\/09\/Sans-titre001-1.png\" data-width=\"480\" data-height=\"638\" data-index=\"8\" data-elementor-open-lightbox=\"no\">\n\t\t\t\t\t\t\n\t\t\t\t\t\t<img decoding=\"async\" width=\"480\" height=\"638\" src=\"https:\/\/wecover.ca\/wp-content\/uploads\/2024\/09\/Sans-titre001-1.png\" class=\"attachment-full size-full\" alt=\"Toile sur mesure pour cabine Kubota\" srcset=\"https:\/\/wecover.ca\/wp-content\/uploads\/2024\/09\/Sans-titre001-1.png 480w, https:\/\/wecover.ca\/wp-content\/uploads\/2024\/09\/Sans-titre001-1-226x300.png 226w, https:\/\/wecover.ca\/wp-content\/uploads\/2024\/09\/Sans-titre001-1-9x12.png 9w, https:\/\/wecover.ca\/wp-content\/uploads\/2024\/09\/Sans-titre001-1-430x572.png 430w, https:\/\/wecover.ca\/wp-content\/uploads\/2024\/09\/Sans-titre001-1-150x199.png 150w\" sizes=\"(max-width: 480px) 100vw, 480px\" \/>\n\t\t\t\t\t\t\t\t\t\t\t\t\t<\/a>\n\t\t\t\t\t\t\t\t\t\t\t<\/div>\n\t\t\t\t\t\t\t\t\t\t\t\t\t\t\t<div class=\"wd-gallery-item wd-col\">\n\t\t\t\t\t\t\t\t\t\t\t\t\t<a  href=\"https:\/\/wecover.ca\/wp-content\/uploads\/2024\/09\/005.jpg\" data-width=\"640\" data-height=\"481\" data-index=\"9\" data-elementor-open-lightbox=\"no\">\n\t\t\t\t\t\t\n\t\t\t\t\t\t<img decoding=\"async\" width=\"640\" height=\"481\" src=\"https:\/\/wecover.ca\/wp-content\/uploads\/2024\/09\/005.jpg\" class=\"attachment-full size-full\" alt=\"Toile sur mesure pour bateau\" srcset=\"https:\/\/wecover.ca\/wp-content\/uploads\/2024\/09\/005.jpg 640w, https:\/\/wecover.ca\/wp-content\/uploads\/2024\/09\/005-400x300.jpg 400w, https:\/\/wecover.ca\/wp-content\/uploads\/2024\/09\/005-16x12.jpg 16w, https:\/\/wecover.ca\/wp-content\/uploads\/2024\/09\/005-430x323.jpg 430w, https:\/\/wecover.ca\/wp-content\/uploads\/2024\/09\/005-150x113.jpg 150w\" sizes=\"(max-width: 640px) 100vw, 640px\" \/>\n\t\t\t\t\t\t\t\t\t\t\t\t\t<\/a>\n\t\t\t\t\t\t\t\t\t\t\t<\/div>\n\t\t\t\t\t\t\t\t\t\t\t\t\t\t\t<div class=\"wd-gallery-item wd-col\">\n\t\t\t\t\t\t\t\t\t\t\t\t\t<a  href=\"https:\/\/wecover.ca\/wp-content\/uploads\/2024\/09\/007.jpg\" data-width=\"640\" data-height=\"481\" data-index=\"10\" data-elementor-open-lightbox=\"no\">\n\t\t\t\t\t\t\n\t\t\t\t\t\t<img decoding=\"async\" width=\"640\" height=\"481\" src=\"https:\/\/wecover.ca\/wp-content\/uploads\/2024\/09\/007.jpg\" class=\"attachment-full size-full\" alt=\"Toile sur mesure pour bateau\" srcset=\"https:\/\/wecover.ca\/wp-content\/uploads\/2024\/09\/007.jpg 640w, https:\/\/wecover.ca\/wp-content\/uploads\/2024\/09\/007-400x300.jpg 400w, https:\/\/wecover.ca\/wp-content\/uploads\/2024\/09\/007-16x12.jpg 16w, https:\/\/wecover.ca\/wp-content\/uploads\/2024\/09\/007-430x323.jpg 430w, https:\/\/wecover.ca\/wp-content\/uploads\/2024\/09\/007-150x113.jpg 150w\" sizes=\"(max-width: 640px) 100vw, 640px\" \/>\n\t\t\t\t\t\t\t\t\t\t\t\t\t<\/a>\n\t\t\t\t\t\t\t\t\t\t\t<\/div>\n\t\t\t\t\t\t\t\t\t\t\t\t\t\t\t<div class=\"wd-gallery-item wd-col\">\n\t\t\t\t\t\t\t\t\t\t\t\t\t<a  href=\"https:\/\/wecover.ca\/wp-content\/uploads\/2024\/09\/1234.jpg\" data-width=\"640\" data-height=\"480\" data-index=\"11\" data-elementor-open-lightbox=\"no\">\n\t\t\t\t\t\t\n\t\t\t\t\t\t<img decoding=\"async\" width=\"640\" height=\"480\" src=\"https:\/\/wecover.ca\/wp-content\/uploads\/2024\/09\/1234.jpg\" class=\"attachment-full size-full\" alt=\"Toile sur mesure pour bateau\" srcset=\"https:\/\/wecover.ca\/wp-content\/uploads\/2024\/09\/1234.jpg 640w, https:\/\/wecover.ca\/wp-content\/uploads\/2024\/09\/1234-400x300.jpg 400w, https:\/\/wecover.ca\/wp-content\/uploads\/2024\/09\/1234-16x12.jpg 16w, https:\/\/wecover.ca\/wp-content\/uploads\/2024\/09\/1234-430x323.jpg 430w, https:\/\/wecover.ca\/wp-content\/uploads\/2024\/09\/1234-150x113.jpg 150w\" sizes=\"(max-width: 640px) 100vw, 640px\" \/>\n\t\t\t\t\t\t\t\t\t\t\t\t\t<\/a>\n\t\t\t\t\t\t\t\t\t\t\t<\/div>\n\t\t\t\t\t\t\t\t\t\t\t\t\t\t\t<div class=\"wd-gallery-item wd-col\">\n\t\t\t\t\t\t\t\t\t\t\t\t\t<a  href=\"https:\/\/wecover.ca\/wp-content\/uploads\/2024\/09\/20240716_200016-scaled.jpg\" data-width=\"2560\" data-height=\"1920\" data-index=\"12\" data-elementor-open-lightbox=\"no\">\n\t\t\t\t\t\t\n\t\t\t\t\t\t<img decoding=\"async\" width=\"2560\" height=\"1920\" src=\"https:\/\/wecover.ca\/wp-content\/uploads\/2024\/09\/20240716_200016-scaled.jpg\" class=\"attachment-full size-full\" alt=\"Toile sur mesure pour roulotte de camping\" srcset=\"https:\/\/wecover.ca\/wp-content\/uploads\/2024\/09\/20240716_200016-scaled.jpg 2560w, https:\/\/wecover.ca\/wp-content\/uploads\/2024\/09\/20240716_200016-400x300.jpg 400w\" sizes=\"(max-width: 2560px) 100vw, 2560px\" \/>\n\t\t\t\t\t\t\t\t\t\t\t\t\t<\/a>\n\t\t\t\t\t\t\t\t\t\t\t<\/div>\n\t\t\t\t\t\t\t\t\t\t\t\t\t\t\t<div class=\"wd-gallery-item wd-col\">\n\t\t\t\t\t\t\t\t\t\t\t\t\t<a  href=\"https:\/\/wecover.ca\/wp-content\/uploads\/2024\/09\/20240716_200320-scaled.jpg\" data-width=\"2560\" data-height=\"1920\" data-index=\"13\" data-elementor-open-lightbox=\"no\">\n\t\t\t\t\t\t\n\t\t\t\t\t\t<img decoding=\"async\" width=\"2560\" height=\"1920\" src=\"https:\/\/wecover.ca\/wp-content\/uploads\/2024\/09\/20240716_200320-scaled.jpg\" class=\"attachment-full size-full\" alt=\"Toile sur mesure pour roulotte de camping\" srcset=\"https:\/\/wecover.ca\/wp-content\/uploads\/2024\/09\/20240716_200320-scaled.jpg 2560w, https:\/\/wecover.ca\/wp-content\/uploads\/2024\/09\/20240716_200320-400x300.jpg 400w\" sizes=\"(max-width: 2560px) 100vw, 2560px\" \/>\n\t\t\t\t\t\t\t\t\t\t\t\t\t<\/a>\n\t\t\t\t\t\t\t\t\t\t\t<\/div>\n\t\t\t\t\t\t\t\t\t\t\t\t\t<\/div>\n\t\t\t\t\t<\/div>\n\t\t\t\t\t\t<\/div>\n\t\t\t\t<\/div>\n\t\t\t\t\t<\/div>\n\t\t\t\t<\/div>\n\t\t\t\t<\/div>\n\t\t","protected":false},"excerpt":{"rendered":"","protected":false},"author":1,"featured_media":17395,"parent":0,"menu_order":0,"comment_status":"closed","ping_status":"closed","template":"elementor_header_footer","meta":{"footnotes":""},"class_list":["post-17441","page","type-page","status-publish","has-post-thumbnail","hentry"],"yoast_head":"<!-- This site is optimized with the Yoast SEO Premium plugin v26.0 (Yoast SEO v27.4) - https:\/\/yoast.com\/product\/yoast-seo-premium-wordpress\/ -->\n<title>Custom made - wecover.ca<\/title>\n<meta name=\"description\" content=\"Discover all the advantages of a custom-made canvas product. Easy installation and optimal protection.\" \/>\n<meta name=\"robots\" content=\"index, follow, max-snippet:-1, max-image-preview:large, max-video-preview:-1\" \/>\n<link rel=\"canonical\" href=\"https:\/\/wecover.ca\/en\/custom-made\/\" \/>\n<meta property=\"og:locale\" content=\"en_US\" \/>\n<meta property=\"og:type\" content=\"article\" \/>\n<meta property=\"og:title\" content=\"Custom made\" \/>\n<meta property=\"og:description\" content=\"Discover all the advantages of a custom-made canvas product. Easy installation and optimal protection.\" \/>\n<meta property=\"og:url\" content=\"https:\/\/wecover.ca\/en\/custom-made\/\" \/>\n<meta property=\"og:site_name\" content=\"wecover.ca\" \/>\n<meta property=\"article:publisher\" content=\"https:\/\/www.facebook.com\/nettoile.wecover?locale=fr_CA\" \/>\n<meta property=\"article:modified_time\" content=\"2024-12-04T15:18:04+00:00\" \/>\n<meta property=\"og:image\" content=\"https:\/\/wecover.ca\/wp-content\/uploads\/2024\/09\/20240716_200320-scaled.jpg\" \/>\n<meta name=\"twitter:card\" content=\"summary_large_image\" \/>\n<meta name=\"twitter:label1\" content=\"Est. reading time\" \/>\n\t<meta name=\"twitter:data1\" content=\"3 minutes\" \/>\n<script type=\"application\/ld+json\" class=\"yoast-schema-graph\">{\"@context\":\"https:\\\/\\\/schema.org\",\"@graph\":[{\"@type\":\"WebPage\",\"@id\":\"https:\\\/\\\/wecover.ca\\\/en\\\/custom-made\\\/\",\"url\":\"https:\\\/\\\/wecover.ca\\\/en\\\/custom-made\\\/\",\"name\":\"Custom made - wecover.ca\",\"isPartOf\":{\"@id\":\"https:\\\/\\\/wecover.ca\\\/en\\\/#website\"},\"primaryImageOfPage\":{\"@id\":\"https:\\\/\\\/wecover.ca\\\/en\\\/custom-made\\\/#primaryimage\"},\"image\":{\"@id\":\"https:\\\/\\\/wecover.ca\\\/en\\\/custom-made\\\/#primaryimage\"},\"thumbnailUrl\":\"https:\\\/\\\/wecover.ca\\\/wp-content\\\/uploads\\\/2024\\\/09\\\/20240716_200016-scaled.jpg\",\"datePublished\":\"2024-09-11T07:50:45+00:00\",\"dateModified\":\"2024-12-04T15:18:04+00:00\",\"description\":\"Discover all the advantages of a custom-made canvas product. Easy installation and optimal protection.\",\"breadcrumb\":{\"@id\":\"https:\\\/\\\/wecover.ca\\\/en\\\/custom-made\\\/#breadcrumb\"},\"inLanguage\":\"en-US\",\"potentialAction\":[{\"@type\":\"ReadAction\",\"target\":[\"https:\\\/\\\/wecover.ca\\\/en\\\/custom-made\\\/\"]}]},{\"@type\":\"ImageObject\",\"inLanguage\":\"en-US\",\"@id\":\"https:\\\/\\\/wecover.ca\\\/en\\\/custom-made\\\/#primaryimage\",\"url\":\"https:\\\/\\\/wecover.ca\\\/wp-content\\\/uploads\\\/2024\\\/09\\\/20240716_200016-scaled.jpg\",\"contentUrl\":\"https:\\\/\\\/wecover.ca\\\/wp-content\\\/uploads\\\/2024\\\/09\\\/20240716_200016-scaled.jpg\",\"width\":2560,\"height\":1920,\"caption\":\"Toile sur mesure roulotte de camping\"},{\"@type\":\"BreadcrumbList\",\"@id\":\"https:\\\/\\\/wecover.ca\\\/en\\\/custom-made\\\/#breadcrumb\",\"itemListElement\":[{\"@type\":\"ListItem\",\"position\":1,\"name\":\"Home\",\"item\":\"https:\\\/\\\/wecover.ca\\\/en\\\/\"},{\"@type\":\"ListItem\",\"position\":2,\"name\":\"Custom made\"}]},{\"@type\":\"WebSite\",\"@id\":\"https:\\\/\\\/wecover.ca\\\/en\\\/#website\",\"url\":\"https:\\\/\\\/wecover.ca\\\/en\\\/\",\"name\":\"wecover.ca\",\"description\":\"Les produits en toile WeCover pr&ecirc;ts pour l'aventure!\",\"publisher\":{\"@id\":\"https:\\\/\\\/wecover.ca\\\/en\\\/#organization\"},\"alternateName\":\"wecover canada\",\"potentialAction\":[{\"@type\":\"SearchAction\",\"target\":{\"@type\":\"EntryPoint\",\"urlTemplate\":\"https:\\\/\\\/wecover.ca\\\/en\\\/?s={search_term_string}\"},\"query-input\":{\"@type\":\"PropertyValueSpecification\",\"valueRequired\":true,\"valueName\":\"search_term_string\"}}],\"inLanguage\":\"en-US\"},{\"@type\":\"Organization\",\"@id\":\"https:\\\/\\\/wecover.ca\\\/en\\\/#organization\",\"name\":\"wecover.ca\",\"url\":\"https:\\\/\\\/wecover.ca\\\/en\\\/\",\"logo\":{\"@type\":\"ImageObject\",\"inLanguage\":\"en-US\",\"@id\":\"https:\\\/\\\/wecover.ca\\\/en\\\/#\\\/schema\\\/logo\\\/image\\\/\",\"url\":\"https:\\\/\\\/wecover.ca\\\/wp-content\\\/uploads\\\/2024\\\/03\\\/logo-wecover-product-430x323-1.png\",\"contentUrl\":\"https:\\\/\\\/wecover.ca\\\/wp-content\\\/uploads\\\/2024\\\/03\\\/logo-wecover-product-430x323-1.png\",\"width\":430,\"height\":323,\"caption\":\"wecover.ca\"},\"image\":{\"@id\":\"https:\\\/\\\/wecover.ca\\\/en\\\/#\\\/schema\\\/logo\\\/image\\\/\"},\"sameAs\":[\"https:\\\/\\\/www.facebook.com\\\/nettoile.wecover?locale=fr_CA\"]}]}<\/script>\n<!-- \/ Yoast SEO Premium plugin. -->","yoast_head_json":{"title":"Custom made - wecover.ca","description":"Discover all the advantages of a custom-made canvas product. Easy installation and optimal protection.","robots":{"index":"index","follow":"follow","max-snippet":"max-snippet:-1","max-image-preview":"max-image-preview:large","max-video-preview":"max-video-preview:-1"},"canonical":"https:\/\/wecover.ca\/en\/custom-made\/","og_locale":"en_US","og_type":"article","og_title":"Custom made","og_description":"Discover all the advantages of a custom-made canvas product. Easy installation and optimal protection.","og_url":"https:\/\/wecover.ca\/en\/custom-made\/","og_site_name":"wecover.ca","article_publisher":"https:\/\/www.facebook.com\/nettoile.wecover?locale=fr_CA","article_modified_time":"2024-12-04T15:18:04+00:00","og_image":[{"url":"https:\/\/wecover.ca\/wp-content\/uploads\/2024\/09\/20240716_200320-scaled.jpg","type":"","width":"","height":""}],"twitter_card":"summary_large_image","twitter_misc":{"Est. reading time":"3 minutes"},"schema":{"@context":"https:\/\/schema.org","@graph":[{"@type":"WebPage","@id":"https:\/\/wecover.ca\/en\/custom-made\/","url":"https:\/\/wecover.ca\/en\/custom-made\/","name":"Custom made - wecover.ca","isPartOf":{"@id":"https:\/\/wecover.ca\/en\/#website"},"primaryImageOfPage":{"@id":"https:\/\/wecover.ca\/en\/custom-made\/#primaryimage"},"image":{"@id":"https:\/\/wecover.ca\/en\/custom-made\/#primaryimage"},"thumbnailUrl":"https:\/\/wecover.ca\/wp-content\/uploads\/2024\/09\/20240716_200016-scaled.jpg","datePublished":"2024-09-11T07:50:45+00:00","dateModified":"2024-12-04T15:18:04+00:00","description":"Discover all the advantages of a custom-made canvas product. Easy installation and optimal protection.","breadcrumb":{"@id":"https:\/\/wecover.ca\/en\/custom-made\/#breadcrumb"},"inLanguage":"en-US","potentialAction":[{"@type":"ReadAction","target":["https:\/\/wecover.ca\/en\/custom-made\/"]}]},{"@type":"ImageObject","inLanguage":"en-US","@id":"https:\/\/wecover.ca\/en\/custom-made\/#primaryimage","url":"https:\/\/wecover.ca\/wp-content\/uploads\/2024\/09\/20240716_200016-scaled.jpg","contentUrl":"https:\/\/wecover.ca\/wp-content\/uploads\/2024\/09\/20240716_200016-scaled.jpg","width":2560,"height":1920,"caption":"Toile sur mesure roulotte de camping"},{"@type":"BreadcrumbList","@id":"https:\/\/wecover.ca\/en\/custom-made\/#breadcrumb","itemListElement":[{"@type":"ListItem","position":1,"name":"Home","item":"https:\/\/wecover.ca\/en\/"},{"@type":"ListItem","position":2,"name":"Custom made"}]},{"@type":"WebSite","@id":"https:\/\/wecover.ca\/en\/#website","url":"https:\/\/wecover.ca\/en\/","name":"wecover.ca","description":"Les produits en toile WeCover pr&ecirc;ts pour l'aventure!","publisher":{"@id":"https:\/\/wecover.ca\/en\/#organization"},"alternateName":"wecover canada","potentialAction":[{"@type":"SearchAction","target":{"@type":"EntryPoint","urlTemplate":"https:\/\/wecover.ca\/en\/?s={search_term_string}"},"query-input":{"@type":"PropertyValueSpecification","valueRequired":true,"valueName":"search_term_string"}}],"inLanguage":"en-US"},{"@type":"Organization","@id":"https:\/\/wecover.ca\/en\/#organization","name":"wecover.ca","url":"https:\/\/wecover.ca\/en\/","logo":{"@type":"ImageObject","inLanguage":"en-US","@id":"https:\/\/wecover.ca\/en\/#\/schema\/logo\/image\/","url":"https:\/\/wecover.ca\/wp-content\/uploads\/2024\/03\/logo-wecover-product-430x323-1.png","contentUrl":"https:\/\/wecover.ca\/wp-content\/uploads\/2024\/03\/logo-wecover-product-430x323-1.png","width":430,"height":323,"caption":"wecover.ca"},"image":{"@id":"https:\/\/wecover.ca\/en\/#\/schema\/logo\/image\/"},"sameAs":["https:\/\/www.facebook.com\/nettoile.wecover?locale=fr_CA"]}]}},"_links":{"self":[{"href":"https:\/\/wecover.ca\/en\/wp-json\/wp\/v2\/pages\/17441","targetHints":{"allow":["GET"]}}],"collection":[{"href":"https:\/\/wecover.ca\/en\/wp-json\/wp\/v2\/pages"}],"about":[{"href":"https:\/\/wecover.ca\/en\/wp-json\/wp\/v2\/types\/page"}],"author":[{"embeddable":true,"href":"https:\/\/wecover.ca\/en\/wp-json\/wp\/v2\/users\/1"}],"replies":[{"embeddable":true,"href":"https:\/\/wecover.ca\/en\/wp-json\/wp\/v2\/comments?post=17441"}],"version-history":[{"count":0,"href":"https:\/\/wecover.ca\/en\/wp-json\/wp\/v2\/pages\/17441\/revisions"}],"wp:featuredmedia":[{"embeddable":true,"href":"https:\/\/wecover.ca\/en\/wp-json\/wp\/v2\/media\/17395"}],"wp:attachment":[{"href":"https:\/\/wecover.ca\/en\/wp-json\/wp\/v2\/media?parent=17441"}],"curies":[{"name":"wp","href":"https:\/\/api.w.org\/{rel}","templated":true}]}}